{"id":47,"date":"2024-01-24T13:25:44","date_gmt":"2024-01-24T13:25:44","guid":{"rendered":"http:\/\/kutuphanecozumleri.com\/?page_id=47"},"modified":"2025-09-04T12:18:15","modified_gmt":"2025-09-04T12:18:15","slug":"aydinlatma-metni","status":"publish","type":"page","link":"https:\/\/kutuphanecozumleri.com\/index.php\/aydinlatma-metni\/","title":{"rendered":"Ayd\u0131nlatma Metni"},"content":{"rendered":"\n<h2 class=\"wp-block-heading\">Veri Sorumlusu:<\/h2>\n\n\n\n<p>Ki\u015fisel veri, Kanun\u2019un \u201cTan\u0131mlar\u201d ba\u015fl\u0131kl\u0131 3. maddesine g\u00f6re, ki\u015fisel veri; \u201ckimli\u011fi belirli veya belirlenebilir ger\u00e7ek ki\u015fiye ili\u015fkin her t\u00fcrl\u00fc bilgiyi\u201d ifade eder. Bu veriler i\u00e7erisinde, ad\u0131n\u0131z, adresiniz, eposta adresiniz veya telefon numaran\u0131z vb. bilgiler olabilir. Ayr\u0131ca, \u00e7erez kullan\u0131lmak suretiyle toplanan ve kimli\u011finizin belirlenmesine do\u011frudan olanak vermeyen bilgiler\/veriler, (\u00f6rne\u011fin Web Sitesi\u2019ni nas\u0131l kulland\u0131\u011f\u0131n\u0131z, sitenin hangi b\u00f6l\u00fcmlerini ziyaret etti\u011finiz gibi bilgiler), e\u011fer bunlar kullan\u0131c\u0131ya\/ziyaret\u00e7iye tahsis edilmi\u015f bir kimlik temelindeyse ve dolay\u0131s\u0131yla bireyselle\u015ftirilerek toplanm\u0131\u015f, saklanm\u0131\u015f ve de\u011ferlendirilmi\u015fse, ki\u015fisel veri olarak nitelendirilebilir.<br><br>Web Sitesi\u2019ni kullanan internet kullan\u0131c\u0131lar\u0131n\u0131n ve ziyaret\u00e7ilerin ki\u015fisel verilerini, \u00e7erezler vas\u0131tas\u0131yla Web Sitesi\u2019nin kullan\u0131m\u0131n\u0131 kolayla\u015ft\u0131rmak, Web Sitesi\u2019ni, kullan\u0131c\u0131lar\u0131n ve ziyaret\u00e7ilerin ilgi ve ihtiya\u00e7lar\u0131 do\u011frultusunda \u00f6zelle\u015ftirmek amac\u0131yla i\u015flemekteyiz. Ayr\u0131ca Web Sitesi kullan\u0131c\u0131lar\u0131n\u0131n ve ziyaret\u00e7ilerinin Web Sitesi\u2019ni nas\u0131l kulland\u0131klar\u0131n\u0131 anlamam\u0131z\u0131 sa\u011flayan isimsiz ve toplu istatistiki verileri bir araya getirmemize ve Web Sitesi\u2019nin yap\u0131lar\u0131n\u0131 ve i\u00e7eriklerini geli\u015ftirmemize yard\u0131mc\u0131 olmalar\u0131 ama\u00e7lar\u0131yla i\u015flemekteyiz. Bu veriler sizin kimli\u011finizi tan\u0131mlamam\u0131z\u0131 sa\u011flayabilecek bilgiler de\u011fildir.<br><\/p>\n\n\n\n<h2 class=\"wp-block-heading\">Ki\u015fisel Verilerin Hangi Ama\u00e7la \u0130\u015flenece\u011fi<\/h2>\n\n\n\n<p>Ki\u015fisel veri, Kanun\u2019un \u201cTan\u0131mlar\u201d ba\u015fl\u0131kl\u0131 3. maddesine g\u00f6re, ki\u015fisel veri; \u201ckimli\u011fi belirli veya belirlenebilir ger\u00e7ek ki\u015fiye ili\u015fkin her t\u00fcrl\u00fc bilgiyi\u201d ifade eder. Bu veriler i\u00e7erisinde, ad\u0131n\u0131z, adresiniz, eposta adresiniz veya telefon numaran\u0131z vb. bilgiler olabilir. Ayr\u0131ca, \u00e7erez kullan\u0131lmak suretiyle toplanan ve kimli\u011finizin belirlenmesine do\u011frudan olanak vermeyen bilgiler\/veriler, (\u00f6rne\u011fin Web Sitesi\u2019ni nas\u0131l kulland\u0131\u011f\u0131n\u0131z, sitenin hangi b\u00f6l\u00fcmlerini ziyaret etti\u011finiz gibi bilgiler), e\u011fer bunlar kullan\u0131c\u0131ya\/ziyaret\u00e7iye tahsis edilmi\u015f bir kimlik temelindeyse ve dolay\u0131s\u0131yla bireyselle\u015ftirilerek toplanm\u0131\u015f, saklanm\u0131\u015f ve de\u011ferlendirilmi\u015fse, ki\u015fisel veri olarak nitelendirilebilir.<br><br>Web Sitesi\u2019ni kullanan internet kullan\u0131c\u0131lar\u0131n\u0131n ve ziyaret\u00e7ilerin ki\u015fisel verilerini, \u00e7erezler vas\u0131tas\u0131yla Web Sitesi\u2019nin kullan\u0131m\u0131n\u0131 kolayla\u015ft\u0131rmak, Web Sitesi\u2019ni, kullan\u0131c\u0131lar\u0131n ve ziyaret\u00e7ilerin ilgi ve ihtiya\u00e7lar\u0131 do\u011frultusunda \u00f6zelle\u015ftirmek amac\u0131yla i\u015flemekteyiz. Ayr\u0131ca Web Sitesi kullan\u0131c\u0131lar\u0131n\u0131n ve ziyaret\u00e7ilerinin Web Sitesi\u2019ni nas\u0131l kulland\u0131klar\u0131n\u0131 anlamam\u0131z\u0131 sa\u011flayan isimsiz ve toplu istatistiki verileri bir araya getirmemize ve Web Sitesi\u2019nin yap\u0131lar\u0131n\u0131 ve i\u00e7eriklerini geli\u015ftirmemize yard\u0131mc\u0131 olmalar\u0131 ama\u00e7lar\u0131yla i\u015flemekteyiz. Bu veriler sizin kimli\u011finizi tan\u0131mlamam\u0131z\u0131 sa\u011flayabilecek bilgiler de\u011fildir.<\/p>\n\n\n\n<h2 class=\"wp-block-heading\">Ki\u015fisel Verilerin Kimlere ve Hangi Ama\u00e7la Aktar\u0131labilece\u011fi<\/h2>\n\n\n\n<p>Toplanan ki\u015fisel verileriniz, Kanun\u2019un 8. ve 9. maddelerinde uyar\u0131nca, Birteknikel Bili\u015fim Teknolojileri olarak hukuki y\u00fck\u00fcml\u00fcl\u00fc\u011f\u00fcm\u00fcz\u00fc yerine getirebilmek ama\u00e7lar\u0131yla kanunen yetkili k\u0131l\u0131nan mercilerin talebi \u00fczerine bu mercilerle gerekti\u011fi \u00f6l\u00e7\u00fcde payla\u015f\u0131labilecektir.<\/p>\n\n\n\n<h2 class=\"wp-block-heading\">Ki\u015fisel Veri Toplaman\u0131n Y\u00f6ntemi ve Hukuki Sebebi<\/h2>\n\n\n\n<p>Mevcut ve potansiyel internet kullan\u0131c\u0131lar\u0131 ve ziyaret\u00e7iler ile ilgili ki\u015fisel veriler, Web Sitesi\u2019ne \u00e7erez konumland\u0131r\u0131lmas\u0131 suretiyle Birteknikel Bili\u015fim Teknolojileri taraf\u0131ndan Birteknikel Bili\u015fim Teknolojileri \u2019in faaliyetlerini y\u00fcr\u00fctebilmesi ve faaliyet konusu \u00fcr\u00fcnlerin sunulmas\u0131 ve veri sahiplerinin temel hak ve \u00f6zg\u00fcrl\u00fcklerine zarar vermemek kayd\u0131yla Birteknikel Bili\u015fim Teknolojileri \u2018in me\u015fru menfaati hukuki sebebine dayal\u0131 olarak toplanmaktad\u0131r.<\/p>\n\n\n\n<h2 class=\"wp-block-heading\">A\u011f Sunucusu Veri G\u00fcnl\u00fc\u011f\u00fc<\/h2>\n\n\n\n<p>Web Sitesi\u2019ne giri\u015f yapt\u0131\u011f\u0131n\u0131zda, a\u011f taray\u0131c\u0131n\u0131z a\u015fa\u011f\u0131daki verileri, internet sunucumuza otomatik olarak aktarmaya ayarlan\u0131r, sonras\u0131nda ise veri kay\u0131tlar\u0131na a\u015fa\u011f\u0131daki bilgileri\/verileri kaydeder.<\/p>\n\n\n\n<ul class=\"wp-block-list\">\n<li>Giri\u015f tarihi,<\/li>\n\n\n\n<li>Giri\u015f zaman\u0131<\/li>\n\n\n\n<li>Taray\u0131c\u0131 (Browser) tipi ve versiyonu<\/li>\n\n\n\n<li>\u0130\u015fletim sistemi<\/li>\n\n\n\n<li>IP adresi<\/li>\n<\/ul>\n\n\n\n<p>\u0130nternete eri\u015fim sa\u011flay\u0131c\u0131n\u0131z\u0131n alan ad\u0131.<br><\/p>\n","protected":false},"excerpt":{"rendered":"<p>Veri Sorumlusu: Ki\u015fisel veri, Kanun\u2019un \u201cTan\u0131mlar\u201d ba\u015fl\u0131kl\u0131 3. maddesine g\u00f6re, ki\u015fisel veri; \u201ckimli\u011fi belirli veya belirlenebilir ger\u00e7ek ki\u015fiye ili\u015fkin her t\u00fcrl\u00fc bilgiyi\u201d ifade eder. Bu veriler<span class=\"excerpt-hellip\"> [\u2026]<\/span><\/p>\n","protected":false},"author":1,"featured_media":-3,"parent":0,"menu_order":0,"comment_status":"closed","ping_status":"closed","template":"","meta":{"footnotes":""},"class_list":["post-47","page","type-page","status-publish","has-post-thumbnail","hentry"],"_links":{"self":[{"href":"https:\/\/kutuphanecozumleri.com\/index.php\/wp-json\/wp\/v2\/pages\/47","targetHints":{"allow":["GET"]}}],"collection":[{"href":"https:\/\/kutuphanecozumleri.com\/index.php\/wp-json\/wp\/v2\/pages"}],"about":[{"href":"https:\/\/kutuphanecozumleri.com\/index.php\/wp-json\/wp\/v2\/types\/page"}],"author":[{"embeddable":true,"href":"https:\/\/kutuphanecozumleri.com\/index.php\/wp-json\/wp\/v2\/users\/1"}],"replies":[{"embeddable":true,"href":"https:\/\/kutuphanecozumleri.com\/index.php\/wp-json\/wp\/v2\/comments?post=47"}],"version-history":[{"count":1,"href":"https:\/\/kutuphanecozumleri.com\/index.php\/wp-json\/wp\/v2\/pages\/47\/revisions"}],"predecessor-version":[{"id":48,"href":"https:\/\/kutuphanecozumleri.com\/index.php\/wp-json\/wp\/v2\/pages\/47\/revisions\/48"}],"wp:featuredmedia":[{"embeddable":true,"href":"https:\/\/kutuphanecozumleri.com\/index.php\/wp-json\/"}],"wp:attachment":[{"href":"https:\/\/kutuphanecozumleri.com\/index.php\/wp-json\/wp\/v2\/media?parent=47"}],"curies":[{"name":"wp","href":"https:\/\/api.w.org\/{rel}","templated":true}]}}