{"id":45,"date":"2024-01-24T13:24:20","date_gmt":"2024-01-24T13:24:20","guid":{"rendered":"http:\/\/kutuphanecozumleri.com\/?page_id=45"},"modified":"2025-09-04T12:19:45","modified_gmt":"2025-09-04T12:19:45","slug":"cerezler-ve-politika","status":"publish","type":"page","link":"https:\/\/kutuphanecozumleri.com\/index.php\/cerezler-ve-politika\/","title":{"rendered":"\u00c7erezler ve Politika"},"content":{"rendered":"\n<h2 class=\"wp-block-heading\">\u00c7erezler ve Politika<\/h2>\n\n\n\n<p>\u00c7erezler, internet sayfas\u0131 sunucusu taraf\u0131ndan sabit s\u00fcr\u00fcc\u00fcn\u00fcze yerle\u015ftirilen k\u00fc\u00e7\u00fck metin dosyalar\u0131d\u0131r. Bu yolla, IP adresi, kullan\u0131lan taray\u0131c\u0131, bilgisayar\u0131n\u0131zdaki i\u015fletim sistemi ve internet ba\u011flant\u0131n\u0131z gibi belirli verileri otomatik olarak elde ederiz. Web Sitesi, Google Inc. (\u201cGoogle\u201d) taraf\u0131ndan sa\u011flanan bir web analizi hizmeti olan Google Analytics\u2019i kullanmaktad\u0131r. Google Analytics, web sitesinin, kullan\u0131c\u0131lar\u0131n siteyi nas\u0131l kulland\u0131klar\u0131n\u0131 analiz etmesine yard\u0131m etmek i\u00e7in \u00e7erezleri kullan\u0131r. Web Sitesini kullan\u0131m\u0131n\u0131zla ilgili olarak \u00e7erez taraf\u0131ndan olu\u015fturulan bilgiler (IP adresiniz dahil), Google\u2019a iletilecek ve Google taraf\u0131ndan ABD\u2019de bulunan sunucularda tutulacakt\u0131r. Google, bu bilgileri Web Sitesi\u2019ni kullanma \u015feklinizi de\u011ferlendirmek, Web Sitesi aktivitesine ili\u015fkin raporlar derlemek ve Web Sitesi aktivitesi ve internet kullan\u0131m\u0131 ile ilgili di\u011fer hizmetleri sunmak amac\u0131yla kullanacakt\u0131r.<\/p>\n\n\n\n<h2 class=\"wp-block-heading\">\u00c7EREZ T\u00dcR\u00dc VE KULLANIM AMA\u00c7LARI<\/h2>\n\n\n\n<p>GEREKL\u0130 \u00c7EREZLER<\/p>\n\n\n\n<p>Bu t\u00fcr \u00e7erezler, Web Sitesi\u2019nin d\u00fczg\u00fcn bir \u015fekilde \u00e7al\u0131\u015fabilmesi ve Web Sitesi\u2019nin sundu\u011fu t\u00fcm \u00f6zellikleri kullanabilmenizi sa\u011flar. Ayn\u0131 oturum i\u00e7erisinde bir sayfaya geri d\u00f6n\u00fcld\u00fc\u011f\u00fcnde \u00f6nceki eylemi hat\u0131rlama buna \u00f6rnek verilebilir. Bu \u00e7erezler kimli\u011finizi tan\u0131mlamaz. Bu \u00e7erezleri kabul etmezseniz, Web Sitesi\u2019nin t\u00fcm \u00f6zelliklerinden faydalanamayabilirsiniz.<\/p>\n\n\n\n<p>GEREKL\u0130 \u00c7EREZLER<\/p>\n\n\n\n<p>PERFORMANS \u00c7EREZLER\u0130<br>Bu t\u00fcr \u00e7erezler, Web Sitesi\u2019ni iyile\u015ftirebilmemiz i\u00e7in, Web Sitesi\u2019nin nas\u0131l kullan\u0131ld\u0131\u011f\u0131 hakk\u0131nda bilgi toplar. \u00d6rne\u011fin, en \u00e7ok hangi sayfalar\u0131 ziyaret etti\u011finiz, Web Sitesi\u2019nde ge\u00e7irilen zaman ve kar\u015f\u0131la\u015ft\u0131\u011f\u0131n\u0131z hata mesajlar\u0131 hakk\u0131nda veri\/bilgi toplar. Bu \u00e7erezler taraf\u0131ndan toplanan veriler\/bilgiler anonim ve isimsiz olarak kaydedilir. Sizin kimli\u011finizi belirleyebilecek herhangi bir bilgi depolanmaz.<\/p>\n\n\n\n<p>\u0130\u015eLEVSEL \u00c7EREZLER<br>Bu t\u00fcr \u00e7erezler, size daha ki\u015fisel bir deneyim sunmam\u0131z\u0131 sa\u011flar. Bunlar, \u00f6rne\u011fin kullan\u0131c\u0131 ad\u0131n\u0131z ve dil tercihleri gibi verileri hat\u0131rlamam\u0131z\u0131 sa\u011flar, sonraki ziyaretlerinizde bu bilgileri yeniden girmek zorunda kalmazs\u0131n\u0131z. Bu \u00e7erezlerin depolad\u0131\u011f\u0131 bilgiler isimsizdir. Bu t\u00fcr \u00e7erezleri kabul etmezseniz, Web Sitesi\u2019nin performans\u0131 ve i\u015flevselli\u011fi etkilenebilir ve Web Sitesi\u2019ndeki baz\u0131 i\u00e7eriklere eri\u015fim sa\u011flanamayabilir.<\/p>\n\n\n\n<p>HEDEFLEME\/REKLAM \u00c7EREZLER\u0130<br><\/p>\n\n\n\n<p>Bu t\u00fcr \u00e7erezler size ve ilgi alanlar\u0131n\u0131za yak\u0131n olan i\u00e7erikleri\/\u00fcr\u00fcnleri sunmak amac\u0131yla kullan\u0131l\u0131r. \u00d6rne\u011fin, Web Sitesinde size sunulan reklamlar\u0131 ve i\u00e7eri\u011fi ki\u015fiselle\u015ftirmek, Web Sitesi\u2019nde ayn\u0131 reklam\u0131 g\u00f6rme s\u0131kl\u0131\u011f\u0131n\u0131 s\u0131n\u0131rlamak ve reklam kampanyalar\u0131m\u0131z\u0131n etkinli\u011fini \u00f6l\u00e7mek amac\u0131yla hedefleme veya reklam \u00e7erezlerini kullanabiliriz.Elbette, iste\u011finizi yerine getirebilirim. \u0130\u015fte g\u00fcncellenmi\u015f metin:<\/p>\n\n\n\n<h2 class=\"wp-block-heading\">\u00c7erez Ayarlar\u0131 Y\u00f6netme<\/h2>\n\n\n\n<p>Web Sitesi\u2019ni m\u00fcmk\u00fcn olan en verimli \u015fekilde kullanabilmeniz i\u00e7in \u00e7erezleri kabul etmenizi tavsiye ederiz. \u00c7erezler olmadan da Web Sitesi\u2019ni g\u00f6r\u00fcnt\u00fcleyebilirsiniz. \u0130nternet taray\u0131c\u0131lar\u0131, istedi\u011finiz zaman \u00e7erezleri kabul edecek \u015fekilde kuruludur. Taray\u0131c\u0131 ayarlar\u0131n\u0131z vas\u0131tas\u0131yla \u00e7erezlerin kullan\u0131m\u0131n\u0131 her zaman durdurabilirsiniz. \u00c7erezlerinizi y\u00f6netme ayarlar\u0131n\u0131n nas\u0131l de\u011fi\u015ftirilece\u011fini \u00f6\u011frenmek i\u00e7in l\u00fctfen taray\u0131c\u0131n\u0131z\u0131n yard\u0131m fonksiyonunu kullan\u0131n\u0131z. \u00c7erez kullan\u0131m\u0131n\u0131 durdurdu\u011funuzda veya \u00e7erez ayarlar\u0131n\u0131 de\u011fi\u015ftirdi\u011finizde, internet sitemizin baz\u0131 fonksiyonlar\u0131n\u0131n d\u00fczg\u00fcn \u00e7al\u0131\u015fmayabilece\u011fini unutmay\u0131n\u0131z.<\/p>\n\n\n\n<h2 class=\"wp-block-heading\">Di\u011fer \u0130nternet Sitelerine Ba\u011flant\u0131<\/h2>\n\n\n\n<p>Web Sitesi, di\u011fer internet sitelerine ait ba\u011flant\u0131lar i\u00e7erebilir. Bu sitelerin y\u00f6neticilerinin veri koruma h\u00fck\u00fcmlerine uygun hareket edip etmedikleri hususunda hi\u00e7bir etkimiz bulunmamaktad\u0131r. &#8220;Birteknikel Bili\u015fim Teknolojileri&#8221; link verdi\u011fi sitelerin i\u00e7eriklerinden (ve o sitelerin link verdi\u011fi di\u011fer sitelerin i\u00e7eriklerinden) sorumlu de\u011fildir ve ba\u011flant\u0131 sa\u011flad\u0131\u011f\u0131 sitelerin i\u00e7eriklerine m\u00fcdahale yetkisi bulunmamaktad\u0131r.<\/p>\n\n\n\n<h2 class=\"wp-block-heading\">De\u011fi\u015fiklikler<\/h2>\n\n\n\n<p>Web Sitesi, teknolojik ve hukuki geli\u015fmelere ba\u011fl\u0131 olarak de\u011fi\u015fim ve geli\u015fim g\u00f6stermekte oldu\u011fundan i\u015fbu \u00c7erez Politikas\u0131 da u do\u011frultuda zaman zaman g\u00fcncellenecek olup, \u00c7erez Politikas\u0131\u2019n\u0131n g\u00fcncel hali<a href=\"https:\/\/kutuphanecozumleri.com\/\"> https:\/\/kutuphanecozumleri.com<\/a> adresinde yay\u0131mlanarak sizlerin eri\u015fimine her daim haz\u0131r bulundurulacakt\u0131r.<\/p>\n","protected":false},"excerpt":{"rendered":"<p>\u00c7erezler ve Politika \u00c7erezler, internet sayfas\u0131 sunucusu taraf\u0131ndan sabit s\u00fcr\u00fcc\u00fcn\u00fcze yerle\u015ftirilen k\u00fc\u00e7\u00fck metin dosyalar\u0131d\u0131r. Bu yolla, IP adresi, kullan\u0131lan taray\u0131c\u0131, bilgisayar\u0131n\u0131zdaki i\u015fletim sistemi ve internet ba\u011flant\u0131n\u0131z<span class=\"excerpt-hellip\"> [\u2026]<\/span><\/p>\n","protected":false},"author":1,"featured_media":-3,"parent":0,"menu_order":0,"comment_status":"closed","ping_status":"closed","template":"","meta":{"footnotes":""},"class_list":["post-45","page","type-page","status-publish","has-post-thumbnail","hentry"],"_links":{"self":[{"href":"https:\/\/kutuphanecozumleri.com\/index.php\/wp-json\/wp\/v2\/pages\/45","targetHints":{"allow":["GET"]}}],"collection":[{"href":"https:\/\/kutuphanecozumleri.com\/index.php\/wp-json\/wp\/v2\/pages"}],"about":[{"href":"https:\/\/kutuphanecozumleri.com\/index.php\/wp-json\/wp\/v2\/types\/page"}],"author":[{"embeddable":true,"href":"https:\/\/kutuphanecozumleri.com\/index.php\/wp-json\/wp\/v2\/users\/1"}],"replies":[{"embeddable":true,"href":"https:\/\/kutuphanecozumleri.com\/index.php\/wp-json\/wp\/v2\/comments?post=45"}],"version-history":[{"count":1,"href":"https:\/\/kutuphanecozumleri.com\/index.php\/wp-json\/wp\/v2\/pages\/45\/revisions"}],"predecessor-version":[{"id":46,"href":"https:\/\/kutuphanecozumleri.com\/index.php\/wp-json\/wp\/v2\/pages\/45\/revisions\/46"}],"wp:featuredmedia":[{"embeddable":true,"href":"https:\/\/kutuphanecozumleri.com\/index.php\/wp-json\/"}],"wp:attachment":[{"href":"https:\/\/kutuphanecozumleri.com\/index.php\/wp-json\/wp\/v2\/media?parent=45"}],"curies":[{"name":"wp","href":"https:\/\/api.w.org\/{rel}","templated":true}]}}