{"id":250,"date":"2025-10-28T14:55:54","date_gmt":"2025-10-28T14:55:54","guid":{"rendered":"https:\/\/kutuphanecozumleri.com\/?page_id=250"},"modified":"2025-10-29T13:34:13","modified_gmt":"2025-10-29T13:34:13","slug":"akilli-iade-ve-tasnifleme-sistemleri","status":"publish","type":"page","link":"https:\/\/kutuphanecozumleri.com\/index.php\/akilli-iade-ve-tasnifleme-sistemleri\/","title":{"rendered":"Ak\u0131ll\u0131 \u0130ade ve Tasnifleme Sistemleri"},"content":{"rendered":"","protected":false},"excerpt":{"rendered":"","protected":false},"author":1,"featured_media":-3,"parent":0,"menu_order":0,"comment_status":"closed","ping_status":"closed","template":"","meta":{"footnotes":""},"class_list":["post-250","page","type-page","status-publish","has-post-thumbnail","hentry"],"_links":{"self":[{"href":"https:\/\/kutuphanecozumleri.com\/index.php\/wp-json\/wp\/v2\/pages\/250","targetHints":{"allow":["GET"]}}],"collection":[{"href":"https:\/\/kutuphanecozumleri.com\/index.php\/wp-json\/wp\/v2\/pages"}],"about":[{"href":"https:\/\/kutuphanecozumleri.com\/index.php\/wp-json\/wp\/v2\/types\/page"}],"author":[{"embeddable":true,"href":"https:\/\/kutuphanecozumleri.com\/index.php\/wp-json\/wp\/v2\/users\/1"}],"replies":[{"embeddable":true,"href":"https:\/\/kutuphanecozumleri.com\/index.php\/wp-json\/wp\/v2\/comments?post=250"}],"version-history":[{"count":1,"href":"https:\/\/kutuphanecozumleri.com\/index.php\/wp-json\/wp\/v2\/pages\/250\/revisions"}],"predecessor-version":[{"id":251,"href":"https:\/\/kutuphanecozumleri.com\/index.php\/wp-json\/wp\/v2\/pages\/250\/revisions\/251"}],"wp:featuredmedia":[{"embeddable":true,"href":"https:\/\/kutuphanecozumleri.com\/index.php\/wp-json\/"}],"wp:attachment":[{"href":"https:\/\/kutuphanecozumleri.com\/index.php\/wp-json\/wp\/v2\/media?parent=250"}],"curies":[{"name":"wp","href":"https:\/\/api.w.org\/{rel}","templated":true}]}}